{"id":5248,"date":"2023-08-04T16:09:03","date_gmt":"2023-08-04T16:09:03","guid":{"rendered":"https:\/\/www.accho.ca\/?page_id=5248"},"modified":"2023-08-04T16:16:39","modified_gmt":"2023-08-04T16:16:39","slug":"capacity-building-program","status":"publish","type":"page","link":"https:\/\/www.accho.ca\/fr\/capacity-building-program\/","title":{"rendered":"Programme De Renforcement Des Capacit\u00e9s"},"content":{"rendered":"<div data-elementor-type=\"wp-page\" data-elementor-id=\"5248\" class=\"elementor elementor-5248\" data-elementor-post-type=\"page\">\n\t\t\t\t\t\t<section data-particle_enable=\"false\" data-particle-mobile-disabled=\"false\" class=\"elementor-section elementor-top-section elementor-element elementor-element-4315956 elementor-section-content-middle elementor-section-boxed elementor-section-height-default elementor-section-height-default\" data-id=\"4315956\" data-element_type=\"section\" data-settings=\"{&quot;_ha_eqh_enable&quot;:false}\">\n\t\t\t\t\t\t<div class=\"elementor-container elementor-column-gap-no\">\n\t\t\t\t\t<div class=\"elementor-column elementor-col-50 elementor-top-column elementor-element elementor-element-2075833\" data-id=\"2075833\" data-element_type=\"column\">\n\t\t\t<div class=\"elementor-widget-wrap elementor-element-populated\">\n\t\t\t\t\t\t<div class=\"elementor-element elementor-element-fa40e9e elementor-widget__width-auto elementor-widget elementor-widget-heading\" data-id=\"fa40e9e\" data-element_type=\"widget\" id=\"capacity-building-program\" data-widget_type=\"heading.default\">\n\t\t\t\t<div class=\"elementor-widget-container\">\n\t\t\t<h2 class=\"elementor-heading-title elementor-size-default\">PROGRAMME DE RENFORCEMENT DES CAPACIT\u00c9S<\/h2>\t\t<\/div>\n\t\t\t\t<\/div>\n\t\t\t\t<div class=\"elementor-element elementor-element-e43235d elementor-widget elementor-widget-text-editor\" data-id=\"e43235d\" data-element_type=\"widget\" data-widget_type=\"text-editor.default\">\n\t\t\t\t<div class=\"elementor-widget-container\">\n\t\t\t\t\t\t\t<p>Notre programme de renforcement des capacit\u00e9s a \u00e9t\u00e9 \u00e9tabli pour renforcer les capacit\u00e9s des prestataires de services qui travaillent dans le contexte du VIH aupr\u00e8s des communaut\u00e9s africaines, cara\u00efb\u00e9ennes et noires de l\u2019Ontario. Le programme soutient notre r\u00e9seau provincial, d\u2019autres d\u00e9positaires d\u2019enjeux et notre \u00e9quipe interne afin de :<\/p><ol style=\"margin-bottom: 0px; margin-left: 10px; color: #161619;\"><li>Fournir un soutien aux organismes de r\u00e9ponse au VIH\/sida et \u00e0 d\u2019autres agences pour favoriser une meilleure compr\u00e9hension des enjeux et des besoins des personnes africaines, cara\u00efb\u00e9ennes et noires vivant avec le VIH\/sida ou vuln\u00e9rables \u00e0 celui-ci.<\/li><li>Engager de mani\u00e8re significative les personnes africaines, cara\u00efb\u00e9ennes et noires vivant avec le VIH\/sida et affect\u00e9es par celui-ci, \u00e0 \u00eatre des leaders dans la r\u00e9ponse au VIH\/sida.<\/li><li>Aider \u00e0 sensibiliser les communaut\u00e9s africaines, cara\u00efb\u00e9ennes et noires au VIH\/sida et les mobiliser par le biais de diverses activit\u00e9s d\u2019engagement communautaire.<\/li><li>Promouvoir une sensibilisation accrue ainsi que la mise en \u0153uvre de la Strat\u00e9gie ontarienne sur le VIH\/sida dans les communaut\u00e9s africaines, cara\u00efb\u00e9ennes et noires 2013-2018 (la Strat\u00e9gie ACN).\u00a0<a style=\"transition-property: all;\" href=\"http:\/\/acchodev.wpengine.com\/wp-content\/uploads\/2019\/04\/ACB_Strategy_Web_Oct2013_En.pdf\" target=\"_blank\" rel=\"noopener\">Ontario HIV\/AIDS Strategy for African, Caribbean and Black Communities 2013-2021<\/a>\u00a0(the ACB Strategy).<\/li><\/ol>\t\t\t\t\t\t<\/div>\n\t\t\t\t<\/div>\n\t\t\t\t\t<\/div>\n\t\t<\/div>\n\t\t\t\t<div class=\"elementor-column elementor-col-50 elementor-top-column elementor-element elementor-element-bc07286\" data-id=\"bc07286\" data-element_type=\"column\">\n\t\t\t<div class=\"elementor-widget-wrap elementor-element-populated\">\n\t\t\t\t\t\t<div class=\"elementor-element elementor-element-2e9a720 elementor-widget elementor-widget-heading\" data-id=\"2e9a720\" data-element_type=\"widget\" data-widget_type=\"heading.default\">\n\t\t\t\t<div class=\"elementor-widget-container\">\n\t\t\t<h4 class=\"elementor-heading-title elementor-size-default\">Renforcer les capacit\u00e9s des prestataires de services qui travaillent dans le contexte du VIH aupr\u00e8s des communaut\u00e9s ACN de l\u2019Ontario.<\/h4>\t\t<\/div>\n\t\t\t\t<\/div>\n\t\t\t\t\t<\/div>\n\t\t<\/div>\n\t\t\t\t\t<\/div>\n\t\t<\/section>\n\t\t\t\t<\/div>","protected":false},"excerpt":{"rendered":"<p>Capacity building program Our capacity building program was created to strengthen the capacity of service-providers working with African, Caribbean, and Black communities in Ontario in the context of HIV. The&hellip;<\/p>","protected":false},"author":9,"featured_media":0,"parent":0,"menu_order":48,"comment_status":"closed","ping_status":"closed","template":"konte-elementor-template.php","meta":{"om_disable_all_campaigns":false,"_mi_skip_tracking":false,"_monsterinsights_sitenote_active":false,"_monsterinsights_sitenote_note":"","_monsterinsights_sitenote_category":0,"footnotes":"","_links_to":"","_links_to_target":""},"class_list":["post-5248","page","type-page","status-publish","hentry"],"acf":[],"yoast_head":"<!-- This site is optimized with the Yoast SEO plugin v20.12 - https:\/\/yoast.com\/wordpress\/plugins\/seo\/ -->\n<title>Capacity Building Program - ACCHO<\/title>\n<meta name=\"robots\" content=\"index, follow, max-snippet:-1, max-image-preview:large, max-video-preview:-1\" \/>\n<link rel=\"canonical\" href=\"https:\/\/www.accho.ca\/fr\/capacity-building-program\/\" \/>\n<meta property=\"og:locale\" content=\"fr_FR\" \/>\n<meta property=\"og:type\" content=\"article\" \/>\n<meta property=\"og:title\" content=\"Capacity Building Program - ACCHO\" \/>\n<meta property=\"og:description\" content=\"Capacity building program Our capacity building program was created to strengthen the capacity of service-providers working with African, Caribbean, and Black communities in Ontario in the context of HIV. The&hellip;\" \/>\n<meta property=\"og:url\" content=\"https:\/\/www.accho.ca\/fr\/capacity-building-program\/\" \/>\n<meta property=\"og:site_name\" content=\"ACCHO\" \/>\n<meta property=\"article:publisher\" content=\"https:\/\/www.facebook.com\/ACCHOntario\" \/>\n<meta property=\"article:modified_time\" content=\"2023-08-04T16:16:39+00:00\" \/>\n<meta name=\"twitter:card\" content=\"summary_large_image\" \/>\n<meta name=\"twitter:site\" content=\"@ACCHOntario\" \/>\n<meta name=\"twitter:label1\" content=\"Dur\u00e9e de lecture estim\u00e9e\" \/>\n\t<meta name=\"twitter:data1\" content=\"1 minute\" \/>\n<script type=\"application\/ld+json\" class=\"yoast-schema-graph\">{\"@context\":\"https:\/\/schema.org\",\"@graph\":[{\"@type\":\"WebPage\",\"@id\":\"https:\/\/www.accho.ca\/capacity-building-program\/\",\"url\":\"https:\/\/www.accho.ca\/capacity-building-program\/\",\"name\":\"Capacity Building Program - ACCHO\",\"isPartOf\":{\"@id\":\"https:\/\/www.accho.ca\/fr\/#website\"},\"datePublished\":\"2023-08-04T16:09:03+00:00\",\"dateModified\":\"2023-08-04T16:16:39+00:00\",\"breadcrumb\":{\"@id\":\"https:\/\/www.accho.ca\/capacity-building-program\/#breadcrumb\"},\"inLanguage\":\"fr-FR\",\"potentialAction\":[{\"@type\":\"ReadAction\",\"target\":[\"https:\/\/www.accho.ca\/capacity-building-program\/\"]}]},{\"@type\":\"BreadcrumbList\",\"@id\":\"https:\/\/www.accho.ca\/capacity-building-program\/#breadcrumb\",\"itemListElement\":[{\"@type\":\"ListItem\",\"position\":1,\"name\":\"Home\",\"item\":\"https:\/\/www.accho.ca\/\"},{\"@type\":\"ListItem\",\"position\":2,\"name\":\"Capacity Building Program\"}]},{\"@type\":\"WebSite\",\"@id\":\"https:\/\/www.accho.ca\/fr\/#website\",\"url\":\"https:\/\/www.accho.ca\/fr\/\",\"name\":\"ACCHO\",\"description\":\"African and Caribbean Council on HIV\/AIDS in Ontario\",\"publisher\":{\"@id\":\"https:\/\/www.accho.ca\/fr\/#organization\"},\"potentialAction\":[{\"@type\":\"SearchAction\",\"target\":{\"@type\":\"EntryPoint\",\"urlTemplate\":\"https:\/\/www.accho.ca\/fr\/?s={search_term_string}\"},\"query-input\":\"required name=search_term_string\"}],\"inLanguage\":\"fr-FR\"},{\"@type\":\"Organization\",\"@id\":\"https:\/\/www.accho.ca\/fr\/#organization\",\"name\":\"African and Caribbean Council on HIV\/AIDS in Ontario\",\"url\":\"https:\/\/www.accho.ca\/fr\/\",\"logo\":{\"@type\":\"ImageObject\",\"inLanguage\":\"fr-FR\",\"@id\":\"https:\/\/www.accho.ca\/fr\/#\/schema\/logo\/image\/\",\"url\":\"https:\/\/accho.ca\/wp-content\/uploads\/2021\/09\/ACCHO_logo_Eng.png\",\"contentUrl\":\"https:\/\/accho.ca\/wp-content\/uploads\/2021\/09\/ACCHO_logo_Eng.png\",\"width\":987,\"height\":1537,\"caption\":\"African and Caribbean Council on HIV\/AIDS in Ontario\"},\"image\":{\"@id\":\"https:\/\/www.accho.ca\/fr\/#\/schema\/logo\/image\/\"},\"sameAs\":[\"https:\/\/www.facebook.com\/ACCHOntario\",\"https:\/\/twitter.com\/ACCHOntario\",\"https:\/\/www.instagram.com\/acch.ontario\/?hl=en\",\"https:\/\/ca.linkedin.com\/company\/accho\",\"https:\/\/www.youtube.com\/user\/ACCHOntario\"]}]}<\/script>\n<!-- \/ Yoast SEO plugin. -->","yoast_head_json":{"title":"Capacity Building Program - ACCHO","robots":{"index":"index","follow":"follow","max-snippet":"max-snippet:-1","max-image-preview":"max-image-preview:large","max-video-preview":"max-video-preview:-1"},"canonical":"https:\/\/www.accho.ca\/fr\/capacity-building-program\/","og_locale":"fr_FR","og_type":"article","og_title":"Capacity Building Program - ACCHO","og_description":"Capacity building program Our capacity building program was created to strengthen the capacity of service-providers working with African, Caribbean, and Black communities in Ontario in the context of HIV. The&hellip;","og_url":"https:\/\/www.accho.ca\/fr\/capacity-building-program\/","og_site_name":"ACCHO","article_publisher":"https:\/\/www.facebook.com\/ACCHOntario","article_modified_time":"2023-08-04T16:16:39+00:00","twitter_card":"summary_large_image","twitter_site":"@ACCHOntario","twitter_misc":{"Dur\u00e9e de lecture estim\u00e9e":"1 minute"},"schema":{"@context":"https:\/\/schema.org","@graph":[{"@type":"WebPage","@id":"https:\/\/www.accho.ca\/capacity-building-program\/","url":"https:\/\/www.accho.ca\/capacity-building-program\/","name":"Capacity Building Program - ACCHO","isPartOf":{"@id":"https:\/\/www.accho.ca\/fr\/#website"},"datePublished":"2023-08-04T16:09:03+00:00","dateModified":"2023-08-04T16:16:39+00:00","breadcrumb":{"@id":"https:\/\/www.accho.ca\/capacity-building-program\/#breadcrumb"},"inLanguage":"fr-FR","potentialAction":[{"@type":"ReadAction","target":["https:\/\/www.accho.ca\/capacity-building-program\/"]}]},{"@type":"BreadcrumbList","@id":"https:\/\/www.accho.ca\/capacity-building-program\/#breadcrumb","itemListElement":[{"@type":"ListItem","position":1,"name":"Home","item":"https:\/\/www.accho.ca\/"},{"@type":"ListItem","position":2,"name":"Capacity Building Program"}]},{"@type":"WebSite","@id":"https:\/\/www.accho.ca\/fr\/#website","url":"https:\/\/www.accho.ca\/fr\/","name":"ACCHO","description":"African and Caribbean Council on HIV\/AIDS in Ontario","publisher":{"@id":"https:\/\/www.accho.ca\/fr\/#organization"},"potentialAction":[{"@type":"SearchAction","target":{"@type":"EntryPoint","urlTemplate":"https:\/\/www.accho.ca\/fr\/?s={search_term_string}"},"query-input":"required name=search_term_string"}],"inLanguage":"fr-FR"},{"@type":"Organization","@id":"https:\/\/www.accho.ca\/fr\/#organization","name":"African and Caribbean Council on HIV\/AIDS in Ontario","url":"https:\/\/www.accho.ca\/fr\/","logo":{"@type":"ImageObject","inLanguage":"fr-FR","@id":"https:\/\/www.accho.ca\/fr\/#\/schema\/logo\/image\/","url":"https:\/\/accho.ca\/wp-content\/uploads\/2021\/09\/ACCHO_logo_Eng.png","contentUrl":"https:\/\/accho.ca\/wp-content\/uploads\/2021\/09\/ACCHO_logo_Eng.png","width":987,"height":1537,"caption":"African and Caribbean Council on HIV\/AIDS in Ontario"},"image":{"@id":"https:\/\/www.accho.ca\/fr\/#\/schema\/logo\/image\/"},"sameAs":["https:\/\/www.facebook.com\/ACCHOntario","https:\/\/twitter.com\/ACCHOntario","https:\/\/www.instagram.com\/acch.ontario\/?hl=en","https:\/\/ca.linkedin.com\/company\/accho","https:\/\/www.youtube.com\/user\/ACCHOntario"]}]}},"_links":{"self":[{"href":"https:\/\/www.accho.ca\/fr\/wp-json\/wp\/v2\/pages\/5248"}],"collection":[{"href":"https:\/\/www.accho.ca\/fr\/wp-json\/wp\/v2\/pages"}],"about":[{"href":"https:\/\/www.accho.ca\/fr\/wp-json\/wp\/v2\/types\/page"}],"author":[{"embeddable":true,"href":"https:\/\/www.accho.ca\/fr\/wp-json\/wp\/v2\/users\/9"}],"replies":[{"embeddable":true,"href":"https:\/\/www.accho.ca\/fr\/wp-json\/wp\/v2\/comments?post=5248"}],"version-history":[{"count":0,"href":"https:\/\/www.accho.ca\/fr\/wp-json\/wp\/v2\/pages\/5248\/revisions"}],"wp:attachment":[{"href":"https:\/\/www.accho.ca\/fr\/wp-json\/wp\/v2\/media?parent=5248"}],"curies":[{"name":"wp","href":"https:\/\/api.w.org\/{rel}","templated":true}]}}